{"id":268,"date":"2016-01-30T20:03:04","date_gmt":"2016-01-30T20:03:04","guid":{"rendered":"http:\/\/www.fizioterapijaljubljana.si\/?page_id=268"},"modified":"2020-01-20T13:41:15","modified_gmt":"2020-01-20T13:41:15","slug":"application-form","status":"publish","type":"page","link":"https:\/\/www.fizioterapijaljubljana.si\/en\/application-form\/","title":{"rendered":"Application form"},"content":{"rendered":"<p>Vse te\u010daje\/delavnice in seminarje, ki jih organizira Center Fizioterapija Ljubljana vodijo mednarodni in\u0161truktorji.\u00a0Te\u010daji in delavnice so namenjene \u017ee izoblikovanim fizioterapevtom, delovnim terapevtom in podjetjem, ki \u017eelijo optimalno prilagoditi delovno okolje ter omogo\u010diti delavcem aktivni odmor.<\/p>\n","protected":false},"excerpt":{"rendered":"<p>Vse te\u010daje\/delavnice in seminarje, ki jih organizira Center Fizioterapija Ljubljana vodijo mednarodni in\u0161truktorji.\u00a0Te\u010daji in delavnice so namenjene \u017ee izoblikovanim fizioterapevtom, delovnim terapevtom in podjetjem, ki \u017eelijo<span class=\"excerpt-hellip\"> [\u2026]<\/span><\/p>\n","protected":false},"author":1,"featured_media":254,"parent":0,"menu_order":0,"comment_status":"closed","ping_status":"closed","template":"","meta":{"footnotes":""},"class_list":["post-268","page","type-page","status-publish","has-post-thumbnail","hentry"],"_links":{"self":[{"href":"https:\/\/www.fizioterapijaljubljana.si\/en\/wp-json\/wp\/v2\/pages\/268","targetHints":{"allow":["GET"]}}],"collection":[{"href":"https:\/\/www.fizioterapijaljubljana.si\/en\/wp-json\/wp\/v2\/pages"}],"about":[{"href":"https:\/\/www.fizioterapijaljubljana.si\/en\/wp-json\/wp\/v2\/types\/page"}],"author":[{"embeddable":true,"href":"https:\/\/www.fizioterapijaljubljana.si\/en\/wp-json\/wp\/v2\/users\/1"}],"replies":[{"embeddable":true,"href":"https:\/\/www.fizioterapijaljubljana.si\/en\/wp-json\/wp\/v2\/comments?post=268"}],"version-history":[{"count":2,"href":"https:\/\/www.fizioterapijaljubljana.si\/en\/wp-json\/wp\/v2\/pages\/268\/revisions"}],"predecessor-version":[{"id":319,"href":"https:\/\/www.fizioterapijaljubljana.si\/en\/wp-json\/wp\/v2\/pages\/268\/revisions\/319"}],"wp:featuredmedia":[{"embeddable":true,"href":"https:\/\/www.fizioterapijaljubljana.si\/en\/wp-json\/wp\/v2\/media\/254"}],"wp:attachment":[{"href":"https:\/\/www.fizioterapijaljubljana.si\/en\/wp-json\/wp\/v2\/media?parent=268"}],"curies":[{"name":"wp","href":"https:\/\/api.w.org\/{rel}","templated":true}]}}