{"id":278,"date":"2016-01-31T08:23:10","date_gmt":"2016-01-31T08:23:10","guid":{"rendered":"http:\/\/www.fizioterapijaljubljana.si\/hr\/?page_id=278"},"modified":"2018-01-08T19:50:18","modified_gmt":"2018-01-08T19:50:18","slug":"bobath-nadaljevalni-tecaj-2","status":"publish","type":"page","link":"https:\/\/www.fizioterapijaljubljana.si\/hr\/kursevi\/bobath-nadaljevalni-tecaj-2\/","title":{"rendered":"Napredni Bobath kurs"},"content":{"rendered":"<p>Sve kurseve\/radionice i seminare koje organizuje Centar Fizioterapije Ljubljana vode medjunarodni instruktori. Kursevi i radionice\/seminari prijavljeni su u Dru\u0161tvu fizioteraputa \u2013 Udru\u017eenje stru\u010dnjaka.<\/p>\n<p>&nbsp;<\/p>\n<p><strong>Naslov: <\/strong>Functional organization of reaching and grasping: key elements for assessing and treating neurologic diseases<\/p>\n<p><strong>Instruktori:<\/strong> Luca Cesana, PT, IBITA advanced course instructor (<a href=\"http:\/\/www.ibita.org\">www.ibita.org)<\/a><\/p>\n<p><strong>Termin: <\/strong>Velja\u010da 2019 (ta\u010dan datum uskoro \u010de biti poznan)<\/p>\n<p><strong>Jezik:<\/strong>\u00a0Engleski<\/p>\n<p><strong>Prevod:<\/strong> DA na slovena\u010dki (u slu\u010daju medjunarodnih prijava NE)<\/p>\n<p><strong>Kraj\/lokacija:<\/strong>\u00a0Center Fizioterapije Ljubljana, Frankopanska 8, 1000 Ljubljana<\/p>\n<p><strong>Broj u\u010desnika:<\/strong>\u00a0max 14<\/p>\n<p><strong>Broj \u010dasova:<\/strong> 37h (1h = 60 min)<\/p>\n<p><strong>Cena:<\/strong>\u00a0 850,00 EUR (porez uklju\u010den)<\/p>\n<p>Opomba: na kurs se mo\u017ee prijaviti samo terapeuti koji imaju me\u0111unarodni certifikat temeljnog Bobath \u00a0kursa.<\/p>\n<p>U\u010desnicima koji tra\u017ee<a href=\"http:\/\/www.ahotel.si\/location-of-ahotel.html\" target=\"_blank\" rel=\"noopener\"> sme\u0161taj u Ljubljani<\/a> za vreme obrazovanja nudimo posebne cene sme\u0161taja u prekrasnom <a href=\"http:\/\/www.ahotel.si\/about-us.html\" target=\"_blank\" rel=\"noopener\">boutique hotelu<\/a>. Ukoliko \u017eelite poseban popust samo kliknite na link: <a href=\"http:\/\/www.ahotel.si\/discount.html?pid=cfl&amp;locale=2\" target=\"_blank\" rel=\"noopener\">POSEBNA PONUDA CFL \u2013 AHOTEL.<\/a><\/p>\n<h3>Opis kursa:<\/h3>\n<p>Svrha nastavka Bobath te\u010daja je ja\u010danje prakti\u010dnog i teoretskog znanja u\u010desnika o motornim parametrima, koje moramo koristiti za kori\u0161tenje gornjeg uda u funkcionalnim uzorcima\/aktivnostima s naglaskom na pojedince nakom ozljede sredi\u0161njeg \u017eiv\u010danog sustava.<\/p>\n<h3>NA\u010cIN PRIJAVE I USLOVI PLA\u010cANJA<\/h3>\n<p>Na kurs\/seminar\/radionicu mo\u017eete se prijaviti preko obrazca za prijavu na na\u0161em sajtu ili preko elektronske po\u0161te na adresu: <a href=\"mailto:info@fizioterapijaljubljana.si\">info@fizioterapijaljubljana.si<\/a>. Kod prijave potrebno je platiti pola kotizacije na osnovu \u010dega \u0107ete dobiti ra\u010dun za akontaciju. U slu\u010daju da kotizacija nije pla\u0107ena u roku od 8 dana, va\u0161e mesto bi\u0107e ponu\u0111eno drugom u\u010desniku. Preostatak kotizacije potrebno je platiti najkasnije 14 dana pre po\u010detka kursa.<\/p>\n<p>&nbsp;<\/p>\n<p><strong>U slu\u010daju otkaza va\u0161eg u\u010de\u0161\u0107a morate platiti tro\u0161kove kursa po slede\u0107im cenama:<\/strong><\/p>\n<ul>\n<li>do 30 dana pre po\u010detka kursa, 10% cene kursa<\/li>\n<li>29 do 20 dana pre po\u010detka kursa, 30% cene kursa<\/li>\n<li>19 do 10 dana pre po\u010detka kursa, 50% cene kursa<\/li>\n<li>10 do 8 dana pre po\u010detka kursa, 80% cene kursa.<\/li>\n<li>manje od 7 dana pre po\u010detka kursa, 100% cene kursa.<\/li>\n<\/ul>\n<p>&nbsp;<\/p>\n<a class=\"button  button_size_2\" href=\"\/hr\/prijavni-list\/\"     style=\"background-color:#26c89c!important;color:#ffffff;\" target=\"_blank\"    title=\"\"><span class=\"button_label\">Prijavi se&gt;&gt;<\/span><\/a>\n\n<h3 style=\"font-style: italic; font-weight: bold; color: #fff;\"><\/h3>\n","protected":false},"excerpt":{"rendered":"<p>Sve kurseve\/radionice i seminare koje organizuje Centar Fizioterapije Ljubljana vode medjunarodni instruktori. Kursevi i radionice\/seminari prijavljeni su u Dru\u0161tvu fizioteraputa \u2013 Udru\u017eenje stru\u010dnjaka. &nbsp; Naslov: Functional<span class=\"excerpt-hellip\"> [\u2026]<\/span><\/p>\n","protected":false},"author":1,"featured_media":324,"parent":176,"menu_order":0,"comment_status":"closed","ping_status":"closed","template":"","meta":{"footnotes":""},"class_list":["post-278","page","type-page","status-publish","has-post-thumbnail","hentry"],"_links":{"self":[{"href":"https:\/\/www.fizioterapijaljubljana.si\/hr\/wp-json\/wp\/v2\/pages\/278","targetHints":{"allow":["GET"]}}],"collection":[{"href":"https:\/\/www.fizioterapijaljubljana.si\/hr\/wp-json\/wp\/v2\/pages"}],"about":[{"href":"https:\/\/www.fizioterapijaljubljana.si\/hr\/wp-json\/wp\/v2\/types\/page"}],"author":[{"embeddable":true,"href":"https:\/\/www.fizioterapijaljubljana.si\/hr\/wp-json\/wp\/v2\/users\/1"}],"replies":[{"embeddable":true,"href":"https:\/\/www.fizioterapijaljubljana.si\/hr\/wp-json\/wp\/v2\/comments?post=278"}],"version-history":[{"count":10,"href":"https:\/\/www.fizioterapijaljubljana.si\/hr\/wp-json\/wp\/v2\/pages\/278\/revisions"}],"predecessor-version":[{"id":357,"href":"https:\/\/www.fizioterapijaljubljana.si\/hr\/wp-json\/wp\/v2\/pages\/278\/revisions\/357"}],"up":[{"embeddable":true,"href":"https:\/\/www.fizioterapijaljubljana.si\/hr\/wp-json\/wp\/v2\/pages\/176"}],"wp:featuredmedia":[{"embeddable":true,"href":"https:\/\/www.fizioterapijaljubljana.si\/hr\/wp-json\/wp\/v2\/media\/324"}],"wp:attachment":[{"href":"https:\/\/www.fizioterapijaljubljana.si\/hr\/wp-json\/wp\/v2\/media?parent=278"}],"curies":[{"name":"wp","href":"https:\/\/api.w.org\/{rel}","templated":true}]}}